{"id":836,"date":"2020-06-04T22:18:41","date_gmt":"2020-06-04T20:18:41","guid":{"rendered":"http:\/\/s829158126.onlinehome.fr\/?page_id=836"},"modified":"2021-04-26T23:46:56","modified_gmt":"2021-04-26T21:46:56","slug":"mentions-legales","status":"publish","type":"page","link":"https:\/\/asmultimedia.fr\/index.php\/mentions-legales\/","title":{"rendered":"Mentions l\u00e9gales et copyright"},"content":{"rendered":"<h3 style=\"text-align: center;\"><\/h3>\n<p>Vous trouverez ici les conditions l\u00e9gales d\u2019utilisation du site \u00ab asmultim\u00e9dia.fr \u00bb. Ce site appartient \u00e0 l\u2019entreprise ASMultim\u00e9dia Les vignes 87110 Solignac et a \u00e9t\u00e9 r\u00e9alis\u00e9 par elle-m\u00eame.<\/p>\n<p>L\u2019acc\u00e8s au site est gratuit mais nous demandons de ne pas copier ses contenus pour une utilisation commerciale.<\/p>\n<p>Ce site a pour vocation de vous faire d\u00e9couvrir les services que propose l\u2019entreprise.<\/p>\n<h4>Protection des contenus et propri\u00e9t\u00e9 intellectuelle.<\/h4>\n<p>Les \u00e9l\u00e9ments composant le site ainsi que son architecture appartiennent \u00e0 ASMultim\u00e9dia ou \u00e0 des soci\u00e9t\u00e9s ayant c\u00e9d\u00e9 des contenus et sont donc prot\u00e9g\u00e9s par la r\u00e9glementation sur la propri\u00e9t\u00e9 intellectuelle. La duplication ou la copie des \u00e9l\u00e9ments pr\u00e9sents sur le site pour une utilisation professionnelle ou illicite sont proscrites.<\/p>\n<p>La copie d\u2019\u00e9l\u00e9ments est autoris\u00e9e dans le cadre priv\u00e9 afin de faciliter votre relation avec l\u2019entreprise.<\/p>\n<h4>Cookies<\/h4>\n<p>Le site utilise des \u00ab cookies \u00bb (petits fichiers collect\u00e9s pour faciliter la navigation). En aucun cas ils ne seront trait\u00e9s par la soci\u00e9t\u00e9 pour recueillir des informations personnelles. Seules les donn\u00e9es concernant les vues peuvent \u00eatre analys\u00e9es \u00e0 des fins de dresser des statistiques sur la fr\u00e9quentation. Dans tout les cas, l\u2019utilisateur a la possibilit\u00e9 de contr\u00f4ler la gestion des cookies dans les param\u00e8tres de son navigateur.<\/p>\n<h4 style=\"text-align: center;\"><a href=\"https:\/\/asmultimedia.fr\/index.php\/politique-de-cookies-ue\/\">Consulter la politique sur les cookies<\/a><\/h4>\n<h4>Droits d\u2019utilisation<\/h4>\n<p>L\u2019utilisateur doit respecter les lois en vigueur et ne doit pas tenter d\u2019\u00e9diter et de modifier le code du site. D\u2019\u00e9ventuelles modifications par des personnes tierces seraient vues comme une infraction et rapport\u00e9es aux services juridiques comp\u00e9tents. Aucune utilisation des donn\u00e9es pr\u00e9sentes sur le site \u00e0 des fins commerciales n\u2019est tol\u00e9r\u00e9e.<\/p>\n<h4>Protection des donn\u00e9es<\/h4>\n<p>Les donn\u00e9es personnelles collect\u00e9es et archiv\u00e9es par l\u2019entreprise ASMultim\u00e9dia ne proviendront pas de donn\u00e9es de navigation et le seront dans le cadre du service au client. Seules les donn\u00e9es concernant la fr\u00e9quentation du site seront recueillies et restent anonymes. Tout utilisateur du site peut consulter la soci\u00e9t\u00e9 afin d\u2019avoir des informations sur les donn\u00e9es personnelles qui pourraient le concerner et en demander la suppression ou la modification. Les donn\u00e9es recueillies ne seront en aucun cas revendues pour alimenter des fichiers d\u2019autres soci\u00e9t\u00e9s.<\/p>\n<h4>L\u2019engagement d\u2019ASMultim\u00e9dia<\/h4>\n<p>L\u2019entreprise s\u2019engage \u00e0 ne pas diffuser de publicit\u00e9 mensong\u00e8re et \u00e0 appliquer les tarifs affich\u00e9s sur le site sauf si ces donn\u00e9es se sont vues modifi\u00e9es \u00e0 la suite d\u2019un acc\u00e8s au serveur non autoris\u00e9. Si les tarifs ont \u00e9t\u00e9 actualis\u00e9s, seul un devis de moins de 15 jours peut \u00eatre pr\u00e9sent\u00e9 pour faire valoir le tarif le plus bas.<\/p>\n<h4>L\u2019utilisateur<\/h4>\n<p>Il doit s\u2019engager \u00e0 respecter ces pr\u00e9sentes conditions d\u2019utilisation pour acc\u00e9der au site et rester dans le cadre de la l\u00e9galit\u00e9.<\/p>\n<h4>Copyright<\/h4>\n<p>Le site, les m\u00e9dias et ses contenus sont r\u00e9serv\u00e9s pour r\u00e9aliser une interface entre l\u2019utilisateur et ASMultim\u00e9dia et ne doivent pas \u00eatre copi\u00e9s \u00e0 des fins commerciales. Il est la propri\u00e9t\u00e9 d\u2019ASMultim\u00e9dia. Seul le propri\u00e9taire est autoris\u00e9 \u00e0 effectuer des modifications.<\/p>\n<p>Vous souhaitant une bonne navigation, Bernard Deveautour.<\/p>\n","protected":false},"excerpt":{"rendered":"<p>Vous trouverez ici les conditions l\u00e9gales d\u2019utilisation du site \u00ab asmultim\u00e9dia.fr \u00bb. Ce site appartient \u00e0 l\u2019entreprise ASMultim\u00e9dia Les vignes 87110 Solignac et a \u00e9t\u00e9 r\u00e9alis\u00e9 par elle-m\u00eame. L\u2019acc\u00e8s au site est gratuit mais nous demandons de ne pas copier ses contenus pour une utilisation commerciale. Ce site a pour vocation de vous faire d\u00e9couvrir [&hellip;]<\/p>\n","protected":false},"author":1,"featured_media":0,"parent":0,"menu_order":0,"comment_status":"closed","ping_status":"closed","template":"","meta":{"_acf_changed":false,"_exactmetrics_skip_tracking":false,"_exactmetrics_sitenote_active":false,"_exactmetrics_sitenote_note":"","_exactmetrics_sitenote_category":0,"_vp_format_video_url":"","_vp_image_focal_point":[],"footnotes":""},"class_list":["post-836","page","type-page","status-publish","hentry"],"acf":[],"yoast_head":"<!-- This site is optimized with the Yoast SEO plugin v26.5 - https:\/\/yoast.com\/wordpress\/plugins\/seo\/ -->\n<title>Mentions l\u00e9gales et copyright - ASMultim\u00e9dia<\/title>\n<meta name=\"description\" content=\"- limoges - assistance informatique - solignac - le vigen - haute vienne - boisseuil - st mauriceMaurice les brousses - feytiat - panazol -\" \/>\n<meta name=\"robots\" content=\"index, follow, max-snippet:-1, max-image-preview:large, max-video-preview:-1\" \/>\n<link rel=\"canonical\" href=\"https:\/\/asmultimedia.fr\/index.php\/mentions-legales\/\" \/>\n<meta property=\"og:locale\" content=\"fr_FR\" \/>\n<meta property=\"og:type\" content=\"article\" \/>\n<meta property=\"og:title\" content=\"Mentions l\u00e9gales et copyright - ASMultim\u00e9dia\" \/>\n<meta property=\"og:description\" content=\"- limoges - assistance informatique - solignac - le vigen - haute vienne - boisseuil - st mauriceMaurice les brousses - feytiat - panazol -\" \/>\n<meta property=\"og:url\" content=\"https:\/\/asmultimedia.fr\/index.php\/mentions-legales\/\" \/>\n<meta property=\"og:site_name\" content=\"ASMultim\u00e9dia\" \/>\n<meta property=\"article:modified_time\" content=\"2021-04-26T21:46:56+00:00\" \/>\n<meta name=\"twitter:card\" content=\"summary_large_image\" \/>\n<meta name=\"twitter:label1\" content=\"Dur\u00e9e de lecture estim\u00e9e\" \/>\n\t<meta name=\"twitter:data1\" content=\"3 minutes\" \/>\n<script type=\"application\/ld+json\" class=\"yoast-schema-graph\">{\"@context\":\"https:\/\/schema.org\",\"@graph\":[{\"@type\":\"WebPage\",\"@id\":\"https:\/\/asmultimedia.fr\/index.php\/mentions-legales\/\",\"url\":\"https:\/\/asmultimedia.fr\/index.php\/mentions-legales\/\",\"name\":\"Mentions l\u00e9gales et copyright - ASMultim\u00e9dia\",\"isPartOf\":{\"@id\":\"https:\/\/asmultimedia.fr\/#website\"},\"datePublished\":\"2020-06-04T20:18:41+00:00\",\"dateModified\":\"2021-04-26T21:46:56+00:00\",\"description\":\"- limoges - assistance informatique - solignac - le vigen - haute vienne - boisseuil - st mauriceMaurice les brousses - feytiat - panazol -\",\"breadcrumb\":{\"@id\":\"https:\/\/asmultimedia.fr\/index.php\/mentions-legales\/#breadcrumb\"},\"inLanguage\":\"fr-FR\",\"potentialAction\":[{\"@type\":\"ReadAction\",\"target\":[\"https:\/\/asmultimedia.fr\/index.php\/mentions-legales\/\"]}]},{\"@type\":\"BreadcrumbList\",\"@id\":\"https:\/\/asmultimedia.fr\/index.php\/mentions-legales\/#breadcrumb\",\"itemListElement\":[{\"@type\":\"ListItem\",\"position\":1,\"name\":\"Accueil\",\"item\":\"https:\/\/asmultimedia.fr\/\"},{\"@type\":\"ListItem\",\"position\":2,\"name\":\"Mentions l\u00e9gales et copyright\"}]},{\"@type\":\"WebSite\",\"@id\":\"https:\/\/asmultimedia.fr\/#website\",\"url\":\"https:\/\/asmultimedia.fr\/\",\"name\":\"ASMultim\u00e9dia\",\"description\":\"Assistance et Service Multim\u00e9dia\",\"publisher\":{\"@id\":\"https:\/\/asmultimedia.fr\/#organization\"},\"potentialAction\":[{\"@type\":\"SearchAction\",\"target\":{\"@type\":\"EntryPoint\",\"urlTemplate\":\"https:\/\/asmultimedia.fr\/?s={search_term_string}\"},\"query-input\":{\"@type\":\"PropertyValueSpecification\",\"valueRequired\":true,\"valueName\":\"search_term_string\"}}],\"inLanguage\":\"fr-FR\"},{\"@type\":\"Organization\",\"@id\":\"https:\/\/asmultimedia.fr\/#organization\",\"name\":\"Asmultimedia\",\"url\":\"https:\/\/asmultimedia.fr\/\",\"logo\":{\"@type\":\"ImageObject\",\"inLanguage\":\"fr-FR\",\"@id\":\"https:\/\/asmultimedia.fr\/#\/schema\/logo\/image\/\",\"url\":\"https:\/\/asmultimedia.fr\/wp-content\/uploads\/2019\/04\/ASM.png\",\"contentUrl\":\"https:\/\/asmultimedia.fr\/wp-content\/uploads\/2019\/04\/ASM.png\",\"width\":454,\"height\":340,\"caption\":\"Asmultimedia\"},\"image\":{\"@id\":\"https:\/\/asmultimedia.fr\/#\/schema\/logo\/image\/\"}}]}<\/script>\n<!-- \/ Yoast SEO plugin. -->","yoast_head_json":{"title":"Mentions l\u00e9gales et copyright - ASMultim\u00e9dia","description":"- limoges - assistance informatique - solignac - le vigen - haute vienne - boisseuil - st mauriceMaurice les brousses - feytiat - panazol -","robots":{"index":"index","follow":"follow","max-snippet":"max-snippet:-1","max-image-preview":"max-image-preview:large","max-video-preview":"max-video-preview:-1"},"canonical":"https:\/\/asmultimedia.fr\/index.php\/mentions-legales\/","og_locale":"fr_FR","og_type":"article","og_title":"Mentions l\u00e9gales et copyright - ASMultim\u00e9dia","og_description":"- limoges - assistance informatique - solignac - le vigen - haute vienne - boisseuil - st mauriceMaurice les brousses - feytiat - panazol -","og_url":"https:\/\/asmultimedia.fr\/index.php\/mentions-legales\/","og_site_name":"ASMultim\u00e9dia","article_modified_time":"2021-04-26T21:46:56+00:00","twitter_card":"summary_large_image","twitter_misc":{"Dur\u00e9e de lecture estim\u00e9e":"3 minutes"},"schema":{"@context":"https:\/\/schema.org","@graph":[{"@type":"WebPage","@id":"https:\/\/asmultimedia.fr\/index.php\/mentions-legales\/","url":"https:\/\/asmultimedia.fr\/index.php\/mentions-legales\/","name":"Mentions l\u00e9gales et copyright - ASMultim\u00e9dia","isPartOf":{"@id":"https:\/\/asmultimedia.fr\/#website"},"datePublished":"2020-06-04T20:18:41+00:00","dateModified":"2021-04-26T21:46:56+00:00","description":"- limoges - assistance informatique - solignac - le vigen - haute vienne - boisseuil - st mauriceMaurice les brousses - feytiat - panazol -","breadcrumb":{"@id":"https:\/\/asmultimedia.fr\/index.php\/mentions-legales\/#breadcrumb"},"inLanguage":"fr-FR","potentialAction":[{"@type":"ReadAction","target":["https:\/\/asmultimedia.fr\/index.php\/mentions-legales\/"]}]},{"@type":"BreadcrumbList","@id":"https:\/\/asmultimedia.fr\/index.php\/mentions-legales\/#breadcrumb","itemListElement":[{"@type":"ListItem","position":1,"name":"Accueil","item":"https:\/\/asmultimedia.fr\/"},{"@type":"ListItem","position":2,"name":"Mentions l\u00e9gales et copyright"}]},{"@type":"WebSite","@id":"https:\/\/asmultimedia.fr\/#website","url":"https:\/\/asmultimedia.fr\/","name":"ASMultim\u00e9dia","description":"Assistance et Service Multim\u00e9dia","publisher":{"@id":"https:\/\/asmultimedia.fr\/#organization"},"potentialAction":[{"@type":"SearchAction","target":{"@type":"EntryPoint","urlTemplate":"https:\/\/asmultimedia.fr\/?s={search_term_string}"},"query-input":{"@type":"PropertyValueSpecification","valueRequired":true,"valueName":"search_term_string"}}],"inLanguage":"fr-FR"},{"@type":"Organization","@id":"https:\/\/asmultimedia.fr\/#organization","name":"Asmultimedia","url":"https:\/\/asmultimedia.fr\/","logo":{"@type":"ImageObject","inLanguage":"fr-FR","@id":"https:\/\/asmultimedia.fr\/#\/schema\/logo\/image\/","url":"https:\/\/asmultimedia.fr\/wp-content\/uploads\/2019\/04\/ASM.png","contentUrl":"https:\/\/asmultimedia.fr\/wp-content\/uploads\/2019\/04\/ASM.png","width":454,"height":340,"caption":"Asmultimedia"},"image":{"@id":"https:\/\/asmultimedia.fr\/#\/schema\/logo\/image\/"}}]}},"_links":{"self":[{"href":"https:\/\/asmultimedia.fr\/index.php\/wp-json\/wp\/v2\/pages\/836","targetHints":{"allow":["GET"]}}],"collection":[{"href":"https:\/\/asmultimedia.fr\/index.php\/wp-json\/wp\/v2\/pages"}],"about":[{"href":"https:\/\/asmultimedia.fr\/index.php\/wp-json\/wp\/v2\/types\/page"}],"author":[{"embeddable":true,"href":"https:\/\/asmultimedia.fr\/index.php\/wp-json\/wp\/v2\/users\/1"}],"replies":[{"embeddable":true,"href":"https:\/\/asmultimedia.fr\/index.php\/wp-json\/wp\/v2\/comments?post=836"}],"version-history":[{"count":11,"href":"https:\/\/asmultimedia.fr\/index.php\/wp-json\/wp\/v2\/pages\/836\/revisions"}],"predecessor-version":[{"id":1212,"href":"https:\/\/asmultimedia.fr\/index.php\/wp-json\/wp\/v2\/pages\/836\/revisions\/1212"}],"wp:attachment":[{"href":"https:\/\/asmultimedia.fr\/index.php\/wp-json\/wp\/v2\/media?parent=836"}],"curies":[{"name":"wp","href":"https:\/\/api.w.org\/{rel}","templated":true}]}}