{"id":344,"date":"2020-05-18T12:08:18","date_gmt":"2020-05-18T10:08:18","guid":{"rendered":"http:\/\/dev02.free.fr\/asm\/?page_id=344"},"modified":"2021-04-29T21:15:54","modified_gmt":"2021-04-29T19:15:54","slug":"client","status":"publish","type":"page","link":"https:\/\/asmultimedia.fr\/index.php\/client\/","title":{"rendered":"Client"},"content":{"rendered":"","protected":true},"excerpt":{"rendered":"","protected":true},"author":1,"featured_media":0,"parent":0,"menu_order":0,"comment_status":"closed","ping_status":"closed","template":"","meta":{"_acf_changed":false,"_exactmetrics_skip_tracking":false,"_exactmetrics_sitenote_active":false,"_exactmetrics_sitenote_note":"","_exactmetrics_sitenote_category":0,"_vp_format_video_url":"","_vp_image_focal_point":[],"footnotes":""},"class_list":["post-344","page","type-page","status-publish","post-password-required","hentry"],"acf":[],"yoast_head":"<!-- This site is optimized with the Yoast SEO plugin v26.5 - https:\/\/yoast.com\/wordpress\/plugins\/seo\/ -->\n<title>Client - ASMultim\u00e9dia<\/title>\n<meta name=\"description\" content=\"- limoges - assistance informatique - solignac - le vigen - haute vienne - boisseuil - st mauriceMaurice les brousses - feytiat - panazol -\" \/>\n<meta name=\"robots\" content=\"index, follow, max-snippet:-1, max-image-preview:large, max-video-preview:-1\" \/>\n<link rel=\"canonical\" href=\"https:\/\/asmultimedia.fr\/index.php\/client\/\" \/>\n<meta property=\"og:locale\" content=\"fr_FR\" \/>\n<meta property=\"og:type\" content=\"article\" \/>\n<meta property=\"og:title\" content=\"Client - ASMultim\u00e9dia\" \/>\n<meta property=\"og:description\" content=\"- limoges - assistance informatique - solignac - le vigen - haute vienne - boisseuil - st mauriceMaurice les brousses - feytiat - panazol -\" \/>\n<meta property=\"og:url\" content=\"https:\/\/asmultimedia.fr\/index.php\/client\/\" \/>\n<meta property=\"og:site_name\" content=\"ASMultim\u00e9dia\" \/>\n<meta property=\"article:modified_time\" content=\"2021-04-29T19:15:54+00:00\" \/>\n<meta name=\"twitter:card\" content=\"summary_large_image\" \/>\n<meta name=\"twitter:label1\" content=\"Dur\u00e9e de lecture estim\u00e9e\" \/>\n\t<meta name=\"twitter:data1\" content=\"2 minutes\" \/>\n<script type=\"application\/ld+json\" class=\"yoast-schema-graph\">{\"@context\":\"https:\/\/schema.org\",\"@graph\":[{\"@type\":\"WebPage\",\"@id\":\"https:\/\/asmultimedia.fr\/index.php\/client\/\",\"url\":\"https:\/\/asmultimedia.fr\/index.php\/client\/\",\"name\":\"Client - ASMultim\u00e9dia\",\"isPartOf\":{\"@id\":\"https:\/\/asmultimedia.fr\/#website\"},\"datePublished\":\"2020-05-18T10:08:18+00:00\",\"dateModified\":\"2021-04-29T19:15:54+00:00\",\"breadcrumb\":{\"@id\":\"https:\/\/asmultimedia.fr\/index.php\/client\/#breadcrumb\"},\"inLanguage\":\"fr-FR\"},{\"@type\":\"WebSite\",\"@id\":\"https:\/\/asmultimedia.fr\/#website\",\"url\":\"https:\/\/asmultimedia.fr\/\",\"name\":\"ASMultim\u00e9dia\",\"description\":\"Assistance et Service Multim\u00e9dia\",\"publisher\":{\"@id\":\"https:\/\/asmultimedia.fr\/#organization\"},\"potentialAction\":[{\"@type\":\"SearchAction\",\"target\":{\"@type\":\"EntryPoint\",\"urlTemplate\":\"https:\/\/asmultimedia.fr\/?s={search_term_string}\"},\"query-input\":{\"@type\":\"PropertyValueSpecification\",\"valueRequired\":true,\"valueName\":\"search_term_string\"}}],\"inLanguage\":\"fr-FR\"},{\"@type\":\"Organization\",\"@id\":\"https:\/\/asmultimedia.fr\/#organization\",\"name\":\"Asmultimedia\",\"url\":\"https:\/\/asmultimedia.fr\/\",\"logo\":{\"@type\":\"ImageObject\",\"inLanguage\":\"fr-FR\",\"@id\":\"https:\/\/asmultimedia.fr\/#\/schema\/logo\/image\/\",\"url\":\"https:\/\/asmultimedia.fr\/wp-content\/uploads\/2019\/04\/ASM.png\",\"contentUrl\":\"https:\/\/asmultimedia.fr\/wp-content\/uploads\/2019\/04\/ASM.png\",\"width\":454,\"height\":340,\"caption\":\"Asmultimedia\"},\"image\":{\"@id\":\"https:\/\/asmultimedia.fr\/#\/schema\/logo\/image\/\"}}]}<\/script>\n<!-- \/ Yoast SEO plugin. -->","yoast_head_json":{"title":"Client - ASMultim\u00e9dia","description":"- limoges - assistance informatique - solignac - le vigen - haute vienne - boisseuil - st mauriceMaurice les brousses - feytiat - panazol -","robots":{"index":"index","follow":"follow","max-snippet":"max-snippet:-1","max-image-preview":"max-image-preview:large","max-video-preview":"max-video-preview:-1"},"canonical":"https:\/\/asmultimedia.fr\/index.php\/client\/","og_locale":"fr_FR","og_type":"article","og_title":"Client - ASMultim\u00e9dia","og_description":"- limoges - assistance informatique - solignac - le vigen - haute vienne - boisseuil - st mauriceMaurice les brousses - feytiat - panazol -","og_url":"https:\/\/asmultimedia.fr\/index.php\/client\/","og_site_name":"ASMultim\u00e9dia","article_modified_time":"2021-04-29T19:15:54+00:00","twitter_card":"summary_large_image","twitter_misc":{"Dur\u00e9e de lecture estim\u00e9e":"2 minutes"},"schema":{"@context":"https:\/\/schema.org","@graph":[{"@type":"WebPage","@id":"https:\/\/asmultimedia.fr\/index.php\/client\/","url":"https:\/\/asmultimedia.fr\/index.php\/client\/","name":"Client - ASMultim\u00e9dia","isPartOf":{"@id":"https:\/\/asmultimedia.fr\/#website"},"datePublished":"2020-05-18T10:08:18+00:00","dateModified":"2021-04-29T19:15:54+00:00","breadcrumb":{"@id":"https:\/\/asmultimedia.fr\/index.php\/client\/#breadcrumb"},"inLanguage":"fr-FR"},{"@type":"WebSite","@id":"https:\/\/asmultimedia.fr\/#website","url":"https:\/\/asmultimedia.fr\/","name":"ASMultim\u00e9dia","description":"Assistance et Service Multim\u00e9dia","publisher":{"@id":"https:\/\/asmultimedia.fr\/#organization"},"potentialAction":[{"@type":"SearchAction","target":{"@type":"EntryPoint","urlTemplate":"https:\/\/asmultimedia.fr\/?s={search_term_string}"},"query-input":{"@type":"PropertyValueSpecification","valueRequired":true,"valueName":"search_term_string"}}],"inLanguage":"fr-FR"},{"@type":"Organization","@id":"https:\/\/asmultimedia.fr\/#organization","name":"Asmultimedia","url":"https:\/\/asmultimedia.fr\/","logo":{"@type":"ImageObject","inLanguage":"fr-FR","@id":"https:\/\/asmultimedia.fr\/#\/schema\/logo\/image\/","url":"https:\/\/asmultimedia.fr\/wp-content\/uploads\/2019\/04\/ASM.png","contentUrl":"https:\/\/asmultimedia.fr\/wp-content\/uploads\/2019\/04\/ASM.png","width":454,"height":340,"caption":"Asmultimedia"},"image":{"@id":"https:\/\/asmultimedia.fr\/#\/schema\/logo\/image\/"}}]}},"_links":{"self":[{"href":"https:\/\/asmultimedia.fr\/index.php\/wp-json\/wp\/v2\/pages\/344","targetHints":{"allow":["GET"]}}],"collection":[{"href":"https:\/\/asmultimedia.fr\/index.php\/wp-json\/wp\/v2\/pages"}],"about":[{"href":"https:\/\/asmultimedia.fr\/index.php\/wp-json\/wp\/v2\/types\/page"}],"author":[{"embeddable":true,"href":"https:\/\/asmultimedia.fr\/index.php\/wp-json\/wp\/v2\/users\/1"}],"replies":[{"embeddable":true,"href":"https:\/\/asmultimedia.fr\/index.php\/wp-json\/wp\/v2\/comments?post=344"}],"version-history":[{"count":18,"href":"https:\/\/asmultimedia.fr\/index.php\/wp-json\/wp\/v2\/pages\/344\/revisions"}],"predecessor-version":[{"id":1267,"href":"https:\/\/asmultimedia.fr\/index.php\/wp-json\/wp\/v2\/pages\/344\/revisions\/1267"}],"wp:attachment":[{"href":"https:\/\/asmultimedia.fr\/index.php\/wp-json\/wp\/v2\/media?parent=344"}],"curies":[{"name":"wp","href":"https:\/\/api.w.org\/{rel}","templated":true}]}}