{"id":2,"date":"2018-05-05T13:04:01","date_gmt":"2018-05-05T11:04:01","guid":{"rendered":"http:\/\/dev02.free.fr\/wordpress\/?page_id=2"},"modified":"2025-02-09T00:39:25","modified_gmt":"2025-02-08T23:39:25","slug":"prestations","status":"publish","type":"page","link":"https:\/\/asmultimedia.fr\/index.php\/prestations\/","title":{"rendered":"Prestations"},"content":{"rendered":"\n<p class=\"has-medium-font-size\"><strong>Tarifs<\/strong><\/p>\n\n\n\n<iframe src=\"https:\/\/docs.google.com\/spreadsheets\/d\/e\/2PACX-1vSmoVE3GV3ydiqyZk10NWpduTqo7S34djUoBLFGRaYoXC3oJKRvIRPB7m0DGgc3cQ\/pubhtml?widget=false&amp;chrome=false&amp;headers=false\" width=\"84.6%\" height=\"600\"><\/iframe>\n\n\n\n<p><\/p>\n\n\n\n<p><\/p>\n\n\n\n<h4 class=\"wp-block-heading\">Je suis \u00e0 m\u00eame de vous aider dans vos d\u00e9marches administratives et soucis \u00e0 r\u00e9soudre un probl\u00e8me avec un Service Apr\u00e8s Vente. <\/h4>\n\n\n\n<h4 class=\"wp-block-heading\">Autres prestations sur demande.<\/h4>\n\n\n\n<div class=\"wp-block-buttons is-layout-flex wp-block-buttons-is-layout-flex\">\n<div class=\"wp-block-button is-style-fill\"><a class=\"wp-block-button__link has-white-color has-text-color has-background wp-element-button\" href=\"https:\/\/asmultimedia.fr\/index.php\/demande-de-devis\/\" style=\"background-color:#8f0c0c\">Demander des informations ou un devis<\/a><\/div>\n<\/div>\n\n\n\n<p><\/p>\n","protected":false},"excerpt":{"rendered":"<p>Tarifs Je suis \u00e0 m\u00eame de vous aider dans vos d\u00e9marches administratives et soucis \u00e0 r\u00e9soudre un probl\u00e8me avec un Service Apr\u00e8s Vente. Autres prestations sur demande.<\/p>\n","protected":false},"author":1,"featured_media":0,"parent":0,"menu_order":0,"comment_status":"closed","ping_status":"open","template":"","meta":{"_acf_changed":false,"_exactmetrics_skip_tracking":false,"_exactmetrics_sitenote_active":false,"_exactmetrics_sitenote_note":"","_exactmetrics_sitenote_category":0,"_vp_format_video_url":"","_vp_image_focal_point":[],"footnotes":""},"class_list":["post-2","page","type-page","status-publish","hentry"],"acf":[],"yoast_head":"<!-- This site is optimized with the Yoast SEO plugin v26.5 - https:\/\/yoast.com\/wordpress\/plugins\/seo\/ -->\n<title>Prestations - ASMultim\u00e9dia<\/title>\n<meta name=\"description\" content=\"- limoges - assistance informatique - solignac - le vigen - haute vienne - boisseuil - st mauriceMaurice les brousses - feytiat - panazol -\" \/>\n<meta name=\"robots\" content=\"index, follow, max-snippet:-1, max-image-preview:large, max-video-preview:-1\" \/>\n<link rel=\"canonical\" href=\"https:\/\/asmultimedia.fr\/index.php\/prestations\/\" \/>\n<meta property=\"og:locale\" content=\"fr_FR\" \/>\n<meta property=\"og:type\" content=\"article\" \/>\n<meta property=\"og:title\" content=\"Prestations - ASMultim\u00e9dia\" \/>\n<meta property=\"og:description\" content=\"- limoges - assistance informatique - solignac - le vigen - haute vienne - boisseuil - st mauriceMaurice les brousses - feytiat - panazol -\" \/>\n<meta property=\"og:url\" content=\"https:\/\/asmultimedia.fr\/index.php\/prestations\/\" \/>\n<meta property=\"og:site_name\" content=\"ASMultim\u00e9dia\" \/>\n<meta property=\"article:modified_time\" content=\"2025-02-08T23:39:25+00:00\" \/>\n<meta name=\"twitter:card\" content=\"summary_large_image\" \/>\n<meta name=\"twitter:label1\" content=\"Dur\u00e9e de lecture estim\u00e9e\" \/>\n\t<meta name=\"twitter:data1\" content=\"1 minute\" \/>\n<script type=\"application\/ld+json\" class=\"yoast-schema-graph\">{\"@context\":\"https:\/\/schema.org\",\"@graph\":[{\"@type\":\"WebPage\",\"@id\":\"https:\/\/asmultimedia.fr\/index.php\/prestations\/\",\"url\":\"https:\/\/asmultimedia.fr\/index.php\/prestations\/\",\"name\":\"Prestations - ASMultim\u00e9dia\",\"isPartOf\":{\"@id\":\"https:\/\/asmultimedia.fr\/#website\"},\"datePublished\":\"2018-05-05T11:04:01+00:00\",\"dateModified\":\"2025-02-08T23:39:25+00:00\",\"description\":\"- limoges - assistance informatique - solignac - le vigen - haute vienne - boisseuil - st mauriceMaurice les brousses - feytiat - panazol -\",\"breadcrumb\":{\"@id\":\"https:\/\/asmultimedia.fr\/index.php\/prestations\/#breadcrumb\"},\"inLanguage\":\"fr-FR\",\"potentialAction\":[{\"@type\":\"ReadAction\",\"target\":[\"https:\/\/asmultimedia.fr\/index.php\/prestations\/\"]}]},{\"@type\":\"BreadcrumbList\",\"@id\":\"https:\/\/asmultimedia.fr\/index.php\/prestations\/#breadcrumb\",\"itemListElement\":[{\"@type\":\"ListItem\",\"position\":1,\"name\":\"Accueil\",\"item\":\"https:\/\/asmultimedia.fr\/\"},{\"@type\":\"ListItem\",\"position\":2,\"name\":\"Prestations\"}]},{\"@type\":\"WebSite\",\"@id\":\"https:\/\/asmultimedia.fr\/#website\",\"url\":\"https:\/\/asmultimedia.fr\/\",\"name\":\"ASMultim\u00e9dia\",\"description\":\"Assistance et Service Multim\u00e9dia\",\"publisher\":{\"@id\":\"https:\/\/asmultimedia.fr\/#organization\"},\"potentialAction\":[{\"@type\":\"SearchAction\",\"target\":{\"@type\":\"EntryPoint\",\"urlTemplate\":\"https:\/\/asmultimedia.fr\/?s={search_term_string}\"},\"query-input\":{\"@type\":\"PropertyValueSpecification\",\"valueRequired\":true,\"valueName\":\"search_term_string\"}}],\"inLanguage\":\"fr-FR\"},{\"@type\":\"Organization\",\"@id\":\"https:\/\/asmultimedia.fr\/#organization\",\"name\":\"Asmultimedia\",\"url\":\"https:\/\/asmultimedia.fr\/\",\"logo\":{\"@type\":\"ImageObject\",\"inLanguage\":\"fr-FR\",\"@id\":\"https:\/\/asmultimedia.fr\/#\/schema\/logo\/image\/\",\"url\":\"https:\/\/asmultimedia.fr\/wp-content\/uploads\/2019\/04\/ASM.png\",\"contentUrl\":\"https:\/\/asmultimedia.fr\/wp-content\/uploads\/2019\/04\/ASM.png\",\"width\":454,\"height\":340,\"caption\":\"Asmultimedia\"},\"image\":{\"@id\":\"https:\/\/asmultimedia.fr\/#\/schema\/logo\/image\/\"}}]}<\/script>\n<!-- \/ Yoast SEO plugin. -->","yoast_head_json":{"title":"Prestations - ASMultim\u00e9dia","description":"- limoges - assistance informatique - solignac - le vigen - haute vienne - boisseuil - st mauriceMaurice les brousses - feytiat - panazol -","robots":{"index":"index","follow":"follow","max-snippet":"max-snippet:-1","max-image-preview":"max-image-preview:large","max-video-preview":"max-video-preview:-1"},"canonical":"https:\/\/asmultimedia.fr\/index.php\/prestations\/","og_locale":"fr_FR","og_type":"article","og_title":"Prestations - ASMultim\u00e9dia","og_description":"- limoges - assistance informatique - solignac - le vigen - haute vienne - boisseuil - st mauriceMaurice les brousses - feytiat - panazol -","og_url":"https:\/\/asmultimedia.fr\/index.php\/prestations\/","og_site_name":"ASMultim\u00e9dia","article_modified_time":"2025-02-08T23:39:25+00:00","twitter_card":"summary_large_image","twitter_misc":{"Dur\u00e9e de lecture estim\u00e9e":"1 minute"},"schema":{"@context":"https:\/\/schema.org","@graph":[{"@type":"WebPage","@id":"https:\/\/asmultimedia.fr\/index.php\/prestations\/","url":"https:\/\/asmultimedia.fr\/index.php\/prestations\/","name":"Prestations - ASMultim\u00e9dia","isPartOf":{"@id":"https:\/\/asmultimedia.fr\/#website"},"datePublished":"2018-05-05T11:04:01+00:00","dateModified":"2025-02-08T23:39:25+00:00","description":"- limoges - assistance informatique - solignac - le vigen - haute vienne - boisseuil - st mauriceMaurice les brousses - feytiat - panazol -","breadcrumb":{"@id":"https:\/\/asmultimedia.fr\/index.php\/prestations\/#breadcrumb"},"inLanguage":"fr-FR","potentialAction":[{"@type":"ReadAction","target":["https:\/\/asmultimedia.fr\/index.php\/prestations\/"]}]},{"@type":"BreadcrumbList","@id":"https:\/\/asmultimedia.fr\/index.php\/prestations\/#breadcrumb","itemListElement":[{"@type":"ListItem","position":1,"name":"Accueil","item":"https:\/\/asmultimedia.fr\/"},{"@type":"ListItem","position":2,"name":"Prestations"}]},{"@type":"WebSite","@id":"https:\/\/asmultimedia.fr\/#website","url":"https:\/\/asmultimedia.fr\/","name":"ASMultim\u00e9dia","description":"Assistance et Service Multim\u00e9dia","publisher":{"@id":"https:\/\/asmultimedia.fr\/#organization"},"potentialAction":[{"@type":"SearchAction","target":{"@type":"EntryPoint","urlTemplate":"https:\/\/asmultimedia.fr\/?s={search_term_string}"},"query-input":{"@type":"PropertyValueSpecification","valueRequired":true,"valueName":"search_term_string"}}],"inLanguage":"fr-FR"},{"@type":"Organization","@id":"https:\/\/asmultimedia.fr\/#organization","name":"Asmultimedia","url":"https:\/\/asmultimedia.fr\/","logo":{"@type":"ImageObject","inLanguage":"fr-FR","@id":"https:\/\/asmultimedia.fr\/#\/schema\/logo\/image\/","url":"https:\/\/asmultimedia.fr\/wp-content\/uploads\/2019\/04\/ASM.png","contentUrl":"https:\/\/asmultimedia.fr\/wp-content\/uploads\/2019\/04\/ASM.png","width":454,"height":340,"caption":"Asmultimedia"},"image":{"@id":"https:\/\/asmultimedia.fr\/#\/schema\/logo\/image\/"}}]}},"_links":{"self":[{"href":"https:\/\/asmultimedia.fr\/index.php\/wp-json\/wp\/v2\/pages\/2","targetHints":{"allow":["GET"]}}],"collection":[{"href":"https:\/\/asmultimedia.fr\/index.php\/wp-json\/wp\/v2\/pages"}],"about":[{"href":"https:\/\/asmultimedia.fr\/index.php\/wp-json\/wp\/v2\/types\/page"}],"author":[{"embeddable":true,"href":"https:\/\/asmultimedia.fr\/index.php\/wp-json\/wp\/v2\/users\/1"}],"replies":[{"embeddable":true,"href":"https:\/\/asmultimedia.fr\/index.php\/wp-json\/wp\/v2\/comments?post=2"}],"version-history":[{"count":94,"href":"https:\/\/asmultimedia.fr\/index.php\/wp-json\/wp\/v2\/pages\/2\/revisions"}],"predecessor-version":[{"id":1350,"href":"https:\/\/asmultimedia.fr\/index.php\/wp-json\/wp\/v2\/pages\/2\/revisions\/1350"}],"wp:attachment":[{"href":"https:\/\/asmultimedia.fr\/index.php\/wp-json\/wp\/v2\/media?parent=2"}],"curies":[{"name":"wp","href":"https:\/\/api.w.org\/{rel}","templated":true}]}}