{"id":1155,"date":"2021-03-22T21:30:42","date_gmt":"2021-03-22T20:30:42","guid":{"rendered":"https:\/\/asmultimedia.fr\/?page_id=1155"},"modified":"2021-03-22T21:44:53","modified_gmt":"2021-03-22T20:44:53","slug":"demande-de-devis","status":"publish","type":"page","link":"https:\/\/asmultimedia.fr\/index.php\/demande-de-devis\/","title":{"rendered":"Demande d&rsquo;information ou de devis"},"content":{"rendered":"\n<div class=\"wpcf7 no-js\" id=\"wpcf7-f745-o1\" lang=\"fr-FR\" dir=\"ltr\" data-wpcf7-id=\"745\">\n<div class=\"screen-reader-response\"><p role=\"status\" aria-live=\"polite\" aria-atomic=\"true\"><\/p> <ul><\/ul><\/div>\n<form action=\"\/index.php\/wp-json\/wp\/v2\/pages\/1155#wpcf7-f745-o1\" method=\"post\" class=\"wpcf7-form init\" aria-label=\"Formulaire de contact\" enctype=\"multipart\/form-data\" novalidate=\"novalidate\" data-status=\"init\">\n<fieldset class=\"hidden-fields-container\"><input type=\"hidden\" name=\"_wpcf7\" value=\"745\" \/><input type=\"hidden\" name=\"_wpcf7_version\" value=\"6.1.4\" \/><input type=\"hidden\" name=\"_wpcf7_locale\" value=\"fr_FR\" \/><input type=\"hidden\" name=\"_wpcf7_unit_tag\" value=\"wpcf7-f745-o1\" \/><input type=\"hidden\" name=\"_wpcf7_container_post\" value=\"0\" \/><input type=\"hidden\" name=\"_wpcf7_posted_data_hash\" value=\"\" \/><input type=\"hidden\" name=\"_wpcf7_recaptcha_response\" value=\"\" \/>\n<\/fieldset>\n<p><label> Votre nom (obligatoire)<br \/>\n<span class=\"wpcf7-form-control-wrap\" data-name=\"your-name\"><input size=\"40\" maxlength=\"400\" class=\"wpcf7-form-control wpcf7-text wpcf7-validates-as-required\" aria-required=\"true\" aria-invalid=\"false\" value=\"\" type=\"text\" name=\"your-name\" \/><\/span> <\/label><br \/>\n<label> Votre num\u00e9ro de t\u00e9l\u00e9phone (facultatif)<br \/>\n<span class=\"wpcf7-form-control-wrap\" data-name=\"tel\"><input size=\"40\" maxlength=\"400\" class=\"wpcf7-form-control wpcf7-text\" aria-invalid=\"false\" value=\"\" type=\"text\" name=\"tel\" \/><\/span> <\/label>\n<\/p>\n<p><label> Votre adresse de messagerie (obligatoire)<br \/>\n<span class=\"wpcf7-form-control-wrap\" data-name=\"your-email\"><input size=\"40\" maxlength=\"400\" class=\"wpcf7-form-control wpcf7-email wpcf7-validates-as-required wpcf7-text wpcf7-validates-as-email\" aria-required=\"true\" aria-invalid=\"false\" value=\"\" type=\"email\" name=\"your-email\" \/><\/span> <\/label>\n<\/p>\n<p><label> Objet<br \/>\n<span class=\"wpcf7-form-control-wrap\" data-name=\"your-subject\"><input size=\"40\" maxlength=\"400\" class=\"wpcf7-form-control wpcf7-text\" aria-invalid=\"false\" value=\"\" type=\"text\" name=\"your-subject\" \/><\/span> <\/label>\n<\/p>\n<p><label> Votre message<br \/>\n<span class=\"wpcf7-form-control-wrap\" data-name=\"your-message\"><textarea cols=\"40\" rows=\"10\" maxlength=\"2000\" class=\"wpcf7-form-control wpcf7-textarea\" aria-invalid=\"false\" name=\"your-message\"><\/textarea><\/span> <\/label>\n<\/p>\n<p><Label> Joindre un fichier: <br \/>\n<span class=\"wpcf7-form-control-wrap\" data-name=\"file-197\"><input size=\"40\" class=\"wpcf7-form-control wpcf7-file\" accept=\"audio\/*,video\/*,image\/*\" aria-invalid=\"false\" type=\"file\" name=\"file-197\" \/><\/span><br \/>\n<\/label><Label> En cliquant sur envoyer, vous acceptez qu'ASMultim\u00e9dia utilise votre mail pour vous r\u00e9pondre. <br \/>\n<input class=\"wpcf7-form-control wpcf7-submit has-spinner\" type=\"submit\" value=\"Envoyer\" \/><\/label>\n<\/p><div class=\"wpcf7-response-output\" aria-hidden=\"true\"><\/div>\n<\/form>\n<\/div>\n\n","protected":false},"excerpt":{"rendered":"","protected":false},"author":1,"featured_media":670,"parent":0,"menu_order":0,"comment_status":"closed","ping_status":"closed","template":"","meta":{"_acf_changed":false,"_exactmetrics_skip_tracking":false,"_exactmetrics_sitenote_active":false,"_exactmetrics_sitenote_note":"","_exactmetrics_sitenote_category":0,"_vp_format_video_url":"","_vp_image_focal_point":[],"footnotes":""},"class_list":["post-1155","page","type-page","status-publish","has-post-thumbnail","hentry"],"acf":[],"yoast_head":"<!-- This site is optimized with the Yoast SEO plugin v26.5 - https:\/\/yoast.com\/wordpress\/plugins\/seo\/ -->\n<title>Demande d&#039;information ou de devis - ASMultim\u00e9dia<\/title>\n<meta name=\"description\" content=\"- limoges - assistance informatique - solignac - le vigen - haute vienne - boisseuil - st mauriceMaurice les brousses - feytiat - panazol -\" \/>\n<meta name=\"robots\" content=\"index, follow, max-snippet:-1, max-image-preview:large, max-video-preview:-1\" \/>\n<link rel=\"canonical\" href=\"https:\/\/asmultimedia.fr\/index.php\/demande-de-devis\/\" \/>\n<meta property=\"og:locale\" content=\"fr_FR\" \/>\n<meta property=\"og:type\" content=\"article\" \/>\n<meta property=\"og:title\" content=\"Demande d&#039;information ou de devis - ASMultim\u00e9dia\" \/>\n<meta property=\"og:description\" content=\"- limoges - assistance informatique - solignac - le vigen - haute vienne - boisseuil - st mauriceMaurice les brousses - feytiat - panazol -\" \/>\n<meta property=\"og:url\" content=\"https:\/\/asmultimedia.fr\/index.php\/demande-de-devis\/\" \/>\n<meta property=\"og:site_name\" content=\"ASMultim\u00e9dia\" \/>\n<meta property=\"article:modified_time\" content=\"2021-03-22T20:44:53+00:00\" \/>\n<meta property=\"og:image\" content=\"https:\/\/asmultimedia.fr\/wp-content\/uploads\/2020\/05\/slide01.jpg\" \/>\n\t<meta property=\"og:image:width\" content=\"2500\" \/>\n\t<meta property=\"og:image:height\" content=\"1200\" \/>\n\t<meta property=\"og:image:type\" content=\"image\/jpeg\" \/>\n<meta name=\"twitter:card\" content=\"summary_large_image\" \/>\n<meta name=\"twitter:label1\" content=\"Dur\u00e9e de lecture estim\u00e9e\" \/>\n\t<meta name=\"twitter:data1\" content=\"1 minute\" \/>\n<script type=\"application\/ld+json\" class=\"yoast-schema-graph\">{\"@context\":\"https:\/\/schema.org\",\"@graph\":[{\"@type\":\"WebPage\",\"@id\":\"https:\/\/asmultimedia.fr\/index.php\/demande-de-devis\/\",\"url\":\"https:\/\/asmultimedia.fr\/index.php\/demande-de-devis\/\",\"name\":\"Demande d'information ou de devis - ASMultim\u00e9dia\",\"isPartOf\":{\"@id\":\"https:\/\/asmultimedia.fr\/#website\"},\"primaryImageOfPage\":{\"@id\":\"https:\/\/asmultimedia.fr\/index.php\/demande-de-devis\/#primaryimage\"},\"image\":{\"@id\":\"https:\/\/asmultimedia.fr\/index.php\/demande-de-devis\/#primaryimage\"},\"thumbnailUrl\":\"https:\/\/asmultimedia.fr\/wp-content\/uploads\/2020\/05\/slide01.jpg\",\"datePublished\":\"2021-03-22T20:30:42+00:00\",\"dateModified\":\"2021-03-22T20:44:53+00:00\",\"description\":\"- limoges - assistance informatique - solignac - le vigen - haute vienne - boisseuil - st mauriceMaurice les brousses - feytiat - panazol -\",\"breadcrumb\":{\"@id\":\"https:\/\/asmultimedia.fr\/index.php\/demande-de-devis\/#breadcrumb\"},\"inLanguage\":\"fr-FR\",\"potentialAction\":[{\"@type\":\"ReadAction\",\"target\":[\"https:\/\/asmultimedia.fr\/index.php\/demande-de-devis\/\"]}]},{\"@type\":\"ImageObject\",\"inLanguage\":\"fr-FR\",\"@id\":\"https:\/\/asmultimedia.fr\/index.php\/demande-de-devis\/#primaryimage\",\"url\":\"https:\/\/asmultimedia.fr\/wp-content\/uploads\/2020\/05\/slide01.jpg\",\"contentUrl\":\"https:\/\/asmultimedia.fr\/wp-content\/uploads\/2020\/05\/slide01.jpg\",\"width\":2500,\"height\":1200,\"caption\":\"Pour les particuliers\"},{\"@type\":\"BreadcrumbList\",\"@id\":\"https:\/\/asmultimedia.fr\/index.php\/demande-de-devis\/#breadcrumb\",\"itemListElement\":[{\"@type\":\"ListItem\",\"position\":1,\"name\":\"Accueil\",\"item\":\"https:\/\/asmultimedia.fr\/\"},{\"@type\":\"ListItem\",\"position\":2,\"name\":\"Demande d&rsquo;information ou de devis\"}]},{\"@type\":\"WebSite\",\"@id\":\"https:\/\/asmultimedia.fr\/#website\",\"url\":\"https:\/\/asmultimedia.fr\/\",\"name\":\"ASMultim\u00e9dia\",\"description\":\"Assistance et Service Multim\u00e9dia\",\"publisher\":{\"@id\":\"https:\/\/asmultimedia.fr\/#organization\"},\"potentialAction\":[{\"@type\":\"SearchAction\",\"target\":{\"@type\":\"EntryPoint\",\"urlTemplate\":\"https:\/\/asmultimedia.fr\/?s={search_term_string}\"},\"query-input\":{\"@type\":\"PropertyValueSpecification\",\"valueRequired\":true,\"valueName\":\"search_term_string\"}}],\"inLanguage\":\"fr-FR\"},{\"@type\":\"Organization\",\"@id\":\"https:\/\/asmultimedia.fr\/#organization\",\"name\":\"Asmultimedia\",\"url\":\"https:\/\/asmultimedia.fr\/\",\"logo\":{\"@type\":\"ImageObject\",\"inLanguage\":\"fr-FR\",\"@id\":\"https:\/\/asmultimedia.fr\/#\/schema\/logo\/image\/\",\"url\":\"https:\/\/asmultimedia.fr\/wp-content\/uploads\/2019\/04\/ASM.png\",\"contentUrl\":\"https:\/\/asmultimedia.fr\/wp-content\/uploads\/2019\/04\/ASM.png\",\"width\":454,\"height\":340,\"caption\":\"Asmultimedia\"},\"image\":{\"@id\":\"https:\/\/asmultimedia.fr\/#\/schema\/logo\/image\/\"}}]}<\/script>\n<!-- \/ Yoast SEO plugin. -->","yoast_head_json":{"title":"Demande d'information ou de devis - ASMultim\u00e9dia","description":"- limoges - assistance informatique - solignac - le vigen - haute vienne - boisseuil - st mauriceMaurice les brousses - feytiat - panazol -","robots":{"index":"index","follow":"follow","max-snippet":"max-snippet:-1","max-image-preview":"max-image-preview:large","max-video-preview":"max-video-preview:-1"},"canonical":"https:\/\/asmultimedia.fr\/index.php\/demande-de-devis\/","og_locale":"fr_FR","og_type":"article","og_title":"Demande d'information ou de devis - ASMultim\u00e9dia","og_description":"- limoges - assistance informatique - solignac - le vigen - haute vienne - boisseuil - st mauriceMaurice les brousses - feytiat - panazol -","og_url":"https:\/\/asmultimedia.fr\/index.php\/demande-de-devis\/","og_site_name":"ASMultim\u00e9dia","article_modified_time":"2021-03-22T20:44:53+00:00","og_image":[{"width":2500,"height":1200,"url":"https:\/\/asmultimedia.fr\/wp-content\/uploads\/2020\/05\/slide01.jpg","type":"image\/jpeg"}],"twitter_card":"summary_large_image","twitter_misc":{"Dur\u00e9e de lecture estim\u00e9e":"1 minute"},"schema":{"@context":"https:\/\/schema.org","@graph":[{"@type":"WebPage","@id":"https:\/\/asmultimedia.fr\/index.php\/demande-de-devis\/","url":"https:\/\/asmultimedia.fr\/index.php\/demande-de-devis\/","name":"Demande d'information ou de devis - ASMultim\u00e9dia","isPartOf":{"@id":"https:\/\/asmultimedia.fr\/#website"},"primaryImageOfPage":{"@id":"https:\/\/asmultimedia.fr\/index.php\/demande-de-devis\/#primaryimage"},"image":{"@id":"https:\/\/asmultimedia.fr\/index.php\/demande-de-devis\/#primaryimage"},"thumbnailUrl":"https:\/\/asmultimedia.fr\/wp-content\/uploads\/2020\/05\/slide01.jpg","datePublished":"2021-03-22T20:30:42+00:00","dateModified":"2021-03-22T20:44:53+00:00","description":"- limoges - assistance informatique - solignac - le vigen - haute vienne - boisseuil - st mauriceMaurice les brousses - feytiat - panazol -","breadcrumb":{"@id":"https:\/\/asmultimedia.fr\/index.php\/demande-de-devis\/#breadcrumb"},"inLanguage":"fr-FR","potentialAction":[{"@type":"ReadAction","target":["https:\/\/asmultimedia.fr\/index.php\/demande-de-devis\/"]}]},{"@type":"ImageObject","inLanguage":"fr-FR","@id":"https:\/\/asmultimedia.fr\/index.php\/demande-de-devis\/#primaryimage","url":"https:\/\/asmultimedia.fr\/wp-content\/uploads\/2020\/05\/slide01.jpg","contentUrl":"https:\/\/asmultimedia.fr\/wp-content\/uploads\/2020\/05\/slide01.jpg","width":2500,"height":1200,"caption":"Pour les particuliers"},{"@type":"BreadcrumbList","@id":"https:\/\/asmultimedia.fr\/index.php\/demande-de-devis\/#breadcrumb","itemListElement":[{"@type":"ListItem","position":1,"name":"Accueil","item":"https:\/\/asmultimedia.fr\/"},{"@type":"ListItem","position":2,"name":"Demande d&rsquo;information ou de devis"}]},{"@type":"WebSite","@id":"https:\/\/asmultimedia.fr\/#website","url":"https:\/\/asmultimedia.fr\/","name":"ASMultim\u00e9dia","description":"Assistance et Service Multim\u00e9dia","publisher":{"@id":"https:\/\/asmultimedia.fr\/#organization"},"potentialAction":[{"@type":"SearchAction","target":{"@type":"EntryPoint","urlTemplate":"https:\/\/asmultimedia.fr\/?s={search_term_string}"},"query-input":{"@type":"PropertyValueSpecification","valueRequired":true,"valueName":"search_term_string"}}],"inLanguage":"fr-FR"},{"@type":"Organization","@id":"https:\/\/asmultimedia.fr\/#organization","name":"Asmultimedia","url":"https:\/\/asmultimedia.fr\/","logo":{"@type":"ImageObject","inLanguage":"fr-FR","@id":"https:\/\/asmultimedia.fr\/#\/schema\/logo\/image\/","url":"https:\/\/asmultimedia.fr\/wp-content\/uploads\/2019\/04\/ASM.png","contentUrl":"https:\/\/asmultimedia.fr\/wp-content\/uploads\/2019\/04\/ASM.png","width":454,"height":340,"caption":"Asmultimedia"},"image":{"@id":"https:\/\/asmultimedia.fr\/#\/schema\/logo\/image\/"}}]}},"_links":{"self":[{"href":"https:\/\/asmultimedia.fr\/index.php\/wp-json\/wp\/v2\/pages\/1155","targetHints":{"allow":["GET"]}}],"collection":[{"href":"https:\/\/asmultimedia.fr\/index.php\/wp-json\/wp\/v2\/pages"}],"about":[{"href":"https:\/\/asmultimedia.fr\/index.php\/wp-json\/wp\/v2\/types\/page"}],"author":[{"embeddable":true,"href":"https:\/\/asmultimedia.fr\/index.php\/wp-json\/wp\/v2\/users\/1"}],"replies":[{"embeddable":true,"href":"https:\/\/asmultimedia.fr\/index.php\/wp-json\/wp\/v2\/comments?post=1155"}],"version-history":[{"count":4,"href":"https:\/\/asmultimedia.fr\/index.php\/wp-json\/wp\/v2\/pages\/1155\/revisions"}],"predecessor-version":[{"id":1168,"href":"https:\/\/asmultimedia.fr\/index.php\/wp-json\/wp\/v2\/pages\/1155\/revisions\/1168"}],"wp:featuredmedia":[{"embeddable":true,"href":"https:\/\/asmultimedia.fr\/index.php\/wp-json\/wp\/v2\/media\/670"}],"wp:attachment":[{"href":"https:\/\/asmultimedia.fr\/index.php\/wp-json\/wp\/v2\/media?parent=1155"}],"curies":[{"name":"wp","href":"https:\/\/api.w.org\/{rel}","templated":true}]}}