{"id":113,"date":"2019-04-10T00:53:19","date_gmt":"2019-04-09T22:53:19","guid":{"rendered":"http:\/\/dev02.free.fr\/wordpress\/?page_id=113"},"modified":"2021-02-09T16:57:46","modified_gmt":"2021-02-09T15:57:46","slug":"lentreprise","status":"publish","type":"page","link":"https:\/\/asmultimedia.fr\/index.php\/lentreprise\/","title":{"rendered":"L&rsquo;entreprise"},"content":{"rendered":"\n<p class=\"has-text-align-center\">   <img decoding=\"async\" width=\"650\" height=\"312\" class=\"wp-image-671\" style=\"width: 650px;\" src=\"http:\/\/s829158126.onlinehome.fr\/wp-content\/uploads\/2020\/05\/slide02.jpg\" alt=\"\" srcset=\"https:\/\/asmultimedia.fr\/wp-content\/uploads\/2020\/05\/slide02.jpg 2500w, https:\/\/asmultimedia.fr\/wp-content\/uploads\/2020\/05\/slide02-300x144.jpg 300w, https:\/\/asmultimedia.fr\/wp-content\/uploads\/2020\/05\/slide02-1024x492.jpg 1024w, https:\/\/asmultimedia.fr\/wp-content\/uploads\/2020\/05\/slide02-768x369.jpg 768w, https:\/\/asmultimedia.fr\/wp-content\/uploads\/2020\/05\/slide02-500x240.jpg 500w, https:\/\/asmultimedia.fr\/wp-content\/uploads\/2020\/05\/slide02-800x384.jpg 800w, https:\/\/asmultimedia.fr\/wp-content\/uploads\/2020\/05\/slide02-1280x614.jpg 1280w, https:\/\/asmultimedia.fr\/wp-content\/uploads\/2020\/05\/slide02-1920x922.jpg 1920w, https:\/\/asmultimedia.fr\/wp-content\/uploads\/2020\/05\/slide02-1536x737.jpg 1536w, https:\/\/asmultimedia.fr\/wp-content\/uploads\/2020\/05\/slide02-2048x983.jpg 2048w\" sizes=\"(max-width: 650px) 100vw, 650px\" \/><\/p>\n\n\n\n<p>  L&rsquo;entreprise a \u00e9t\u00e9 cr\u00e9\u00e9e en 2021. Technicien sup\u00e9rieur en informatique industrielle, j&rsquo;ai \u00e9t\u00e9 analyste programmeur, d\u00e9veloppeur dans la s\u00e9curit\u00e9 bancaire et dans le milieu m\u00e9dical. Je suis par la suite devenu conseiller dans la vente de produits multim\u00e9dias, informatique, t\u00e9l\u00e9phonie, tablettes, TV. Je suis passionn\u00e9 par les nouvelles technologies et \u00e0 m\u00eame de vous apporter toute ma comp\u00e9tence et mon expertise dans ce domaine. <\/p>\n\n\n\n<p><\/p>\n\n\n\n<p>   Mon but est de vous accompagner dans le d\u00e9pannage, l&rsquo;installation, le  conseil, l&rsquo;assistance, la formation, l&rsquo;utilisation des produits technologiques comme les ordinateurs, tablettes, t\u00e9l\u00e9phones, TV, r\u00e9seau domestique, Box et objets connect\u00e9s. Je peux aussi \u00eatre l&rsquo;interlocuteur pour vous aider \u00e0 traiter vos soucis de S.A.V. <\/p>\n\n\n\n<p>   Etant aussi passionn\u00e9 par l&rsquo;a\u00e9ronautique (pilote U.L.M. 3 axes), je suis \u00e0 m\u00eame de vous conseiller dans le domaine de la simulation de vol et des applications utilis\u00e9es pour le vol r\u00e9el. <\/p>\n\n\n\n<p>   Je pratique et aime pratiquer l&rsquo;anglais, donc, n&rsquo;h\u00e9sitez pas \u00e0 me contacter.<\/p>\n\n\n\n<p class=\"has-text-align-right\">Bernard DEVEAUTOUR<\/p>\n\n\n\n<p><\/p>\n","protected":false},"excerpt":{"rendered":"<p>L&rsquo;entreprise a \u00e9t\u00e9 cr\u00e9\u00e9e en 2021. Technicien sup\u00e9rieur en informatique industrielle, j&rsquo;ai \u00e9t\u00e9 analyste programmeur, d\u00e9veloppeur dans la s\u00e9curit\u00e9 bancaire et dans le milieu m\u00e9dical. Je suis par la suite devenu conseiller dans la vente de produits multim\u00e9dias, informatique, t\u00e9l\u00e9phonie, tablettes, TV. Je suis passionn\u00e9 par les nouvelles technologies et \u00e0 m\u00eame de vous apporter [&hellip;]<\/p>\n","protected":false},"author":1,"featured_media":671,"parent":0,"menu_order":0,"comment_status":"closed","ping_status":"closed","template":"","meta":{"_acf_changed":false,"_exactmetrics_skip_tracking":false,"_exactmetrics_sitenote_active":false,"_exactmetrics_sitenote_note":"","_exactmetrics_sitenote_category":0,"_vp_format_video_url":"","_vp_image_focal_point":[],"footnotes":""},"class_list":["post-113","page","type-page","status-publish","has-post-thumbnail","hentry"],"acf":[],"yoast_head":"<!-- This site is optimized with the Yoast SEO plugin v26.5 - https:\/\/yoast.com\/wordpress\/plugins\/seo\/ -->\n<title>L&#039;entreprise - ASMultim\u00e9dia<\/title>\n<meta name=\"description\" content=\"- limoges - assistance informatique - solignac - le vigen - haute vienne - boisseuil - st mauriceMaurice les brousses - feytiat - panazol -\" \/>\n<meta name=\"robots\" content=\"index, follow, max-snippet:-1, max-image-preview:large, max-video-preview:-1\" \/>\n<link rel=\"canonical\" href=\"https:\/\/asmultimedia.fr\/index.php\/lentreprise\/\" \/>\n<meta property=\"og:locale\" content=\"fr_FR\" \/>\n<meta property=\"og:type\" content=\"article\" \/>\n<meta property=\"og:title\" content=\"L&#039;entreprise - ASMultim\u00e9dia\" \/>\n<meta property=\"og:description\" content=\"- limoges - assistance informatique - solignac - le vigen - haute vienne - boisseuil - st mauriceMaurice les brousses - feytiat - panazol -\" \/>\n<meta property=\"og:url\" content=\"https:\/\/asmultimedia.fr\/index.php\/lentreprise\/\" \/>\n<meta property=\"og:site_name\" content=\"ASMultim\u00e9dia\" \/>\n<meta property=\"article:modified_time\" content=\"2021-02-09T15:57:46+00:00\" \/>\n<meta property=\"og:image\" content=\"https:\/\/asmultimedia.fr\/wp-content\/uploads\/2020\/05\/slide02.jpg\" \/>\n\t<meta property=\"og:image:width\" content=\"2500\" \/>\n\t<meta property=\"og:image:height\" content=\"1200\" \/>\n\t<meta property=\"og:image:type\" content=\"image\/jpeg\" \/>\n<meta name=\"twitter:card\" content=\"summary_large_image\" \/>\n<meta name=\"twitter:label1\" content=\"Dur\u00e9e de lecture estim\u00e9e\" \/>\n\t<meta name=\"twitter:data1\" content=\"1 minute\" \/>\n<script type=\"application\/ld+json\" class=\"yoast-schema-graph\">{\"@context\":\"https:\/\/schema.org\",\"@graph\":[{\"@type\":\"WebPage\",\"@id\":\"https:\/\/asmultimedia.fr\/index.php\/lentreprise\/\",\"url\":\"https:\/\/asmultimedia.fr\/index.php\/lentreprise\/\",\"name\":\"L'entreprise - ASMultim\u00e9dia\",\"isPartOf\":{\"@id\":\"https:\/\/asmultimedia.fr\/#website\"},\"primaryImageOfPage\":{\"@id\":\"https:\/\/asmultimedia.fr\/index.php\/lentreprise\/#primaryimage\"},\"image\":{\"@id\":\"https:\/\/asmultimedia.fr\/index.php\/lentreprise\/#primaryimage\"},\"thumbnailUrl\":\"https:\/\/asmultimedia.fr\/wp-content\/uploads\/2020\/05\/slide02.jpg\",\"datePublished\":\"2019-04-09T22:53:19+00:00\",\"dateModified\":\"2021-02-09T15:57:46+00:00\",\"description\":\"- limoges - assistance informatique - solignac - le vigen - haute vienne - boisseuil - st mauriceMaurice les brousses - feytiat - panazol -\",\"breadcrumb\":{\"@id\":\"https:\/\/asmultimedia.fr\/index.php\/lentreprise\/#breadcrumb\"},\"inLanguage\":\"fr-FR\",\"potentialAction\":[{\"@type\":\"ReadAction\",\"target\":[\"https:\/\/asmultimedia.fr\/index.php\/lentreprise\/\"]}]},{\"@type\":\"ImageObject\",\"inLanguage\":\"fr-FR\",\"@id\":\"https:\/\/asmultimedia.fr\/index.php\/lentreprise\/#primaryimage\",\"url\":\"https:\/\/asmultimedia.fr\/wp-content\/uploads\/2020\/05\/slide02.jpg\",\"contentUrl\":\"https:\/\/asmultimedia.fr\/wp-content\/uploads\/2020\/05\/slide02.jpg\",\"width\":2500,\"height\":1200},{\"@type\":\"BreadcrumbList\",\"@id\":\"https:\/\/asmultimedia.fr\/index.php\/lentreprise\/#breadcrumb\",\"itemListElement\":[{\"@type\":\"ListItem\",\"position\":1,\"name\":\"Accueil\",\"item\":\"https:\/\/asmultimedia.fr\/\"},{\"@type\":\"ListItem\",\"position\":2,\"name\":\"L&rsquo;entreprise\"}]},{\"@type\":\"WebSite\",\"@id\":\"https:\/\/asmultimedia.fr\/#website\",\"url\":\"https:\/\/asmultimedia.fr\/\",\"name\":\"ASMultim\u00e9dia\",\"description\":\"Assistance et Service Multim\u00e9dia\",\"publisher\":{\"@id\":\"https:\/\/asmultimedia.fr\/#organization\"},\"potentialAction\":[{\"@type\":\"SearchAction\",\"target\":{\"@type\":\"EntryPoint\",\"urlTemplate\":\"https:\/\/asmultimedia.fr\/?s={search_term_string}\"},\"query-input\":{\"@type\":\"PropertyValueSpecification\",\"valueRequired\":true,\"valueName\":\"search_term_string\"}}],\"inLanguage\":\"fr-FR\"},{\"@type\":\"Organization\",\"@id\":\"https:\/\/asmultimedia.fr\/#organization\",\"name\":\"Asmultimedia\",\"url\":\"https:\/\/asmultimedia.fr\/\",\"logo\":{\"@type\":\"ImageObject\",\"inLanguage\":\"fr-FR\",\"@id\":\"https:\/\/asmultimedia.fr\/#\/schema\/logo\/image\/\",\"url\":\"https:\/\/asmultimedia.fr\/wp-content\/uploads\/2019\/04\/ASM.png\",\"contentUrl\":\"https:\/\/asmultimedia.fr\/wp-content\/uploads\/2019\/04\/ASM.png\",\"width\":454,\"height\":340,\"caption\":\"Asmultimedia\"},\"image\":{\"@id\":\"https:\/\/asmultimedia.fr\/#\/schema\/logo\/image\/\"}}]}<\/script>\n<!-- \/ Yoast SEO plugin. -->","yoast_head_json":{"title":"L'entreprise - ASMultim\u00e9dia","description":"- limoges - assistance informatique - solignac - le vigen - haute vienne - boisseuil - st mauriceMaurice les brousses - feytiat - panazol -","robots":{"index":"index","follow":"follow","max-snippet":"max-snippet:-1","max-image-preview":"max-image-preview:large","max-video-preview":"max-video-preview:-1"},"canonical":"https:\/\/asmultimedia.fr\/index.php\/lentreprise\/","og_locale":"fr_FR","og_type":"article","og_title":"L'entreprise - ASMultim\u00e9dia","og_description":"- limoges - assistance informatique - solignac - le vigen - haute vienne - boisseuil - st mauriceMaurice les brousses - feytiat - panazol -","og_url":"https:\/\/asmultimedia.fr\/index.php\/lentreprise\/","og_site_name":"ASMultim\u00e9dia","article_modified_time":"2021-02-09T15:57:46+00:00","og_image":[{"width":2500,"height":1200,"url":"https:\/\/asmultimedia.fr\/wp-content\/uploads\/2020\/05\/slide02.jpg","type":"image\/jpeg"}],"twitter_card":"summary_large_image","twitter_misc":{"Dur\u00e9e de lecture estim\u00e9e":"1 minute"},"schema":{"@context":"https:\/\/schema.org","@graph":[{"@type":"WebPage","@id":"https:\/\/asmultimedia.fr\/index.php\/lentreprise\/","url":"https:\/\/asmultimedia.fr\/index.php\/lentreprise\/","name":"L'entreprise - ASMultim\u00e9dia","isPartOf":{"@id":"https:\/\/asmultimedia.fr\/#website"},"primaryImageOfPage":{"@id":"https:\/\/asmultimedia.fr\/index.php\/lentreprise\/#primaryimage"},"image":{"@id":"https:\/\/asmultimedia.fr\/index.php\/lentreprise\/#primaryimage"},"thumbnailUrl":"https:\/\/asmultimedia.fr\/wp-content\/uploads\/2020\/05\/slide02.jpg","datePublished":"2019-04-09T22:53:19+00:00","dateModified":"2021-02-09T15:57:46+00:00","description":"- limoges - assistance informatique - solignac - le vigen - haute vienne - boisseuil - st mauriceMaurice les brousses - feytiat - panazol -","breadcrumb":{"@id":"https:\/\/asmultimedia.fr\/index.php\/lentreprise\/#breadcrumb"},"inLanguage":"fr-FR","potentialAction":[{"@type":"ReadAction","target":["https:\/\/asmultimedia.fr\/index.php\/lentreprise\/"]}]},{"@type":"ImageObject","inLanguage":"fr-FR","@id":"https:\/\/asmultimedia.fr\/index.php\/lentreprise\/#primaryimage","url":"https:\/\/asmultimedia.fr\/wp-content\/uploads\/2020\/05\/slide02.jpg","contentUrl":"https:\/\/asmultimedia.fr\/wp-content\/uploads\/2020\/05\/slide02.jpg","width":2500,"height":1200},{"@type":"BreadcrumbList","@id":"https:\/\/asmultimedia.fr\/index.php\/lentreprise\/#breadcrumb","itemListElement":[{"@type":"ListItem","position":1,"name":"Accueil","item":"https:\/\/asmultimedia.fr\/"},{"@type":"ListItem","position":2,"name":"L&rsquo;entreprise"}]},{"@type":"WebSite","@id":"https:\/\/asmultimedia.fr\/#website","url":"https:\/\/asmultimedia.fr\/","name":"ASMultim\u00e9dia","description":"Assistance et Service Multim\u00e9dia","publisher":{"@id":"https:\/\/asmultimedia.fr\/#organization"},"potentialAction":[{"@type":"SearchAction","target":{"@type":"EntryPoint","urlTemplate":"https:\/\/asmultimedia.fr\/?s={search_term_string}"},"query-input":{"@type":"PropertyValueSpecification","valueRequired":true,"valueName":"search_term_string"}}],"inLanguage":"fr-FR"},{"@type":"Organization","@id":"https:\/\/asmultimedia.fr\/#organization","name":"Asmultimedia","url":"https:\/\/asmultimedia.fr\/","logo":{"@type":"ImageObject","inLanguage":"fr-FR","@id":"https:\/\/asmultimedia.fr\/#\/schema\/logo\/image\/","url":"https:\/\/asmultimedia.fr\/wp-content\/uploads\/2019\/04\/ASM.png","contentUrl":"https:\/\/asmultimedia.fr\/wp-content\/uploads\/2019\/04\/ASM.png","width":454,"height":340,"caption":"Asmultimedia"},"image":{"@id":"https:\/\/asmultimedia.fr\/#\/schema\/logo\/image\/"}}]}},"_links":{"self":[{"href":"https:\/\/asmultimedia.fr\/index.php\/wp-json\/wp\/v2\/pages\/113","targetHints":{"allow":["GET"]}}],"collection":[{"href":"https:\/\/asmultimedia.fr\/index.php\/wp-json\/wp\/v2\/pages"}],"about":[{"href":"https:\/\/asmultimedia.fr\/index.php\/wp-json\/wp\/v2\/types\/page"}],"author":[{"embeddable":true,"href":"https:\/\/asmultimedia.fr\/index.php\/wp-json\/wp\/v2\/users\/1"}],"replies":[{"embeddable":true,"href":"https:\/\/asmultimedia.fr\/index.php\/wp-json\/wp\/v2\/comments?post=113"}],"version-history":[{"count":16,"href":"https:\/\/asmultimedia.fr\/index.php\/wp-json\/wp\/v2\/pages\/113\/revisions"}],"predecessor-version":[{"id":1290,"href":"https:\/\/asmultimedia.fr\/index.php\/wp-json\/wp\/v2\/pages\/113\/revisions\/1290"}],"wp:featuredmedia":[{"embeddable":true,"href":"https:\/\/asmultimedia.fr\/index.php\/wp-json\/wp\/v2\/media\/671"}],"wp:attachment":[{"href":"https:\/\/asmultimedia.fr\/index.php\/wp-json\/wp\/v2\/media?parent=113"}],"curies":[{"name":"wp","href":"https:\/\/api.w.org\/{rel}","templated":true}]}}